{"id":1435,"date":"2022-04-07T11:42:43","date_gmt":"2022-04-07T09:42:43","guid":{"rendered":"https:\/\/hiveink-ds.com\/?page_id=1435"},"modified":"2022-04-07T12:03:15","modified_gmt":"2022-04-07T10:03:15","slug":"maintenance","status":"publish","type":"page","link":"https:\/\/hiveink-ds.com\/","title":{"rendered":"Maintenance"},"content":{"rendered":"\n[et_pb_section fb_built=&#8221;1&#8243; _builder_version=&#8221;3.22&#8243;][et_pb_row _builder_version=&#8221;3.25&#8243; background_size=&#8221;initial&#8221; background_position=&#8221;top_left&#8221; background_repeat=&#8221;repeat&#8221;][et_pb_column type=&#8221;4_4&#8243; _builder_version=&#8221;3.25&#8243; custom_padding=&#8221;|||&#8221; custom_padding__hover=&#8221;|||&#8221;][et_pb_blurb title=&#8221;Undergoing Maintenance&#8221; use_icon=&#8221;on&#8221; font_icon=&#8221;\ue035&#8221; icon_color=&#8221;#2ea3f2&#8243; use_icon_font_size=&#8221;on&#8221; icon_font_size=&#8221;120px&#8221; _builder_version=&#8221;3.0.98&#8243; background_size=&#8221;initial&#8221; background_position=&#8221;top_left&#8221; background_repeat=&#8221;repeat&#8221; text_orientation=&#8221;center&#8221; locked=&#8221;off&#8221;][\/et_pb_blurb][\/et_pb_column][\/et_pb_row][\/et_pb_section][et_pb_section fb_built=&#8221;1&#8243; _builder_version=&#8221;3.22&#8243; background_color=&#8221;#f7f7f7&#8243;][et_pb_row _builder_version=&#8221;3.25&#8243; background_size=&#8221;initial&#8221; background_position=&#8221;top_left&#8221; background_repeat=&#8221;repeat&#8221;][et_pb_column type=&#8221;4_4&#8243; _builder_version=&#8221;3.25&#8243; custom_padding=&#8221;|||&#8221; custom_padding__hover=&#8221;|||&#8221;][et_pb_text _builder_version=&#8221;4.7.7&#8243; background_size=&#8221;initial&#8221; background_position=&#8221;top_left&#8221; background_repeat=&#8221;repeat&#8221; text_orientation=&#8221;center&#8221; module_alignment=&#8221;center&#8221;]<h1>We will Be back Soon<\/h1>\n<p>&nbsp;<\/p>[\/et_pb_text][\/et_pb_column][\/et_pb_row][et_pb_row column_structure=&#8221;1_3,1_3,1_3&#8243; _builder_version=&#8221;3.25&#8243; background_size=&#8221;initial&#8221; background_position=&#8221;top_left&#8221; background_repeat=&#8221;repeat&#8221;][et_pb_column type=&#8221;1_3&#8243; _builder_version=&#8221;3.25&#8243; custom_padding=&#8221;|||&#8221; custom_padding__hover=&#8221;|||&#8221;][et_pb_blurb title=&#8221;Maintenance Standard&#8221; use_icon=&#8221;on&#8221; font_icon=&#8221;%%239%%&#8221; icon_color=&#8221;#2ea3f2&#8243; use_circle=&#8221;on&#8221; circle_color=&#8221;#f7f7f7&#8243; use_circle_border=&#8221;on&#8221; circle_border_color=&#8221;#dddddd&#8221; _builder_version=&#8221;3.0.98&#8243; background_size=&#8221;initial&#8221; background_position=&#8221;top_left&#8221; background_repeat=&#8221;repeat&#8221; text_orientation=&#8221;center&#8221;]<p>\u00a0Non; nous n&#8217;avons pas \u00e9t\u00e9 pirat\u00e9s \ud83d\ude42<\/p>\n<p>Tout \u00e9volue dans la vie, nous revenons tr\u00e8s vite avec une nouvelle version.<\/p>[\/et_pb_blurb][\/et_pb_column][et_pb_column type=&#8221;1_3&#8243; _builder_version=&#8221;3.25&#8243; custom_padding=&#8221;|||&#8221; custom_padding__hover=&#8221;|||&#8221;][et_pb_blurb title=&#8221;Qui Sommes-nous&#8221; use_icon=&#8221;on&#8221; font_icon=&#8221;%%305%%&#8221; icon_color=&#8221;#2ea3f2&#8243; use_circle=&#8221;on&#8221; circle_color=&#8221;#f7f7f7&#8243; use_circle_border=&#8221;on&#8221; circle_border_color=&#8221;#dddddd&#8221; _builder_version=&#8221;4.7.7&#8243; background_size=&#8221;initial&#8221; background_position=&#8221;top_left&#8221; background_repeat=&#8221;repeat&#8221; text_orientation=&#8221;center&#8221; hover_enabled=&#8221;0&#8243; sticky_enabled=&#8221;0&#8243;]<p>Des passionn\u00e9s de la cybers\u00e9curit\u00e9 qui croyons \u00e0 la n\u00e9cessit\u00e9 de cr\u00e9er un pont efficace et utile entre la technique, l&#8217;innovation et la strat\u00e9gie\/gouvernance.<\/p>[\/et_pb_blurb][\/et_pb_column][et_pb_column type=&#8221;1_3&#8243; _builder_version=&#8221;3.25&#8243; custom_padding=&#8221;|||&#8221; custom_padding__hover=&#8221;|||&#8221;][et_pb_blurb title=&#8221;Nos prochains \u00e9v\u00e8nements&#8221; use_icon=&#8221;on&#8221; font_icon=&#8221;%%128%%&#8221; icon_color=&#8221;#2ea3f2&#8243; use_circle=&#8221;on&#8221; circle_color=&#8221;#f7f7f7&#8243; use_circle_border=&#8221;on&#8221; circle_border_color=&#8221;#dddddd&#8221; _builder_version=&#8221;4.7.7&#8243; background_size=&#8221;initial&#8221; background_position=&#8221;top_left&#8221; background_repeat=&#8221;repeat&#8221; text_orientation=&#8221;center&#8221; hover_enabled=&#8221;0&#8243; sticky_enabled=&#8221;0&#8243;]<p>Nous serons pr\u00e9sents au FIC, venez-nous voir.<\/p>\n<p>(Plus d&#8217;informations \u00e0 venir )<\/p>\n<p>&nbsp;<\/p>\n<p>&nbsp;<\/p>\n<p>&nbsp;<\/p>[\/et_pb_blurb][\/et_pb_column][\/et_pb_row][et_pb_row _builder_version=&#8221;3.25&#8243; background_size=&#8221;initial&#8221; background_position=&#8221;top_left&#8221; background_repeat=&#8221;repeat&#8221; locked=&#8221;off&#8221;][et_pb_column type=&#8221;4_4&#8243; _builder_version=&#8221;3.25&#8243; custom_padding=&#8221;|||&#8221; custom_padding__hover=&#8221;|||&#8221;][et_pb_cta button_text=&#8221;Nous suivre&#8221; _builder_version=&#8221;4.7.7&#8243; use_background_color=&#8221;off&#8221; background_size=&#8221;initial&#8221; background_position=&#8221;top_left&#8221; background_repeat=&#8221;repeat&#8221; background_layout=&#8221;light&#8221; link_option_url=&#8221;https:\/\/fr.linkedin.com\/company\/hids&#8221; button_text_size__hover_enabled=&#8221;off&#8221; button_one_text_size__hover_enabled=&#8221;off&#8221; button_two_text_size__hover_enabled=&#8221;off&#8221; button_text_color__hover_enabled=&#8221;off&#8221; button_one_text_color__hover_enabled=&#8221;off&#8221; button_two_text_color__hover_enabled=&#8221;off&#8221; button_border_width__hover_enabled=&#8221;off&#8221; button_one_border_width__hover_enabled=&#8221;off&#8221; button_two_border_width__hover_enabled=&#8221;off&#8221; button_border_color__hover_enabled=&#8221;off&#8221; button_one_border_color__hover_enabled=&#8221;off&#8221; button_two_border_color__hover_enabled=&#8221;off&#8221; button_border_radius__hover_enabled=&#8221;off&#8221; button_one_border_radius__hover_enabled=&#8221;off&#8221; button_two_border_radius__hover_enabled=&#8221;off&#8221; button_letter_spacing__hover_enabled=&#8221;off&#8221; button_one_letter_spacing__hover_enabled=&#8221;off&#8221; button_two_letter_spacing__hover_enabled=&#8221;off&#8221; button_bg_color__hover_enabled=&#8221;off&#8221; button_one_bg_color__hover_enabled=&#8221;off&#8221; button_two_bg_color__hover_enabled=&#8221;off&#8221;][\/et_pb_cta][\/et_pb_column][\/et_pb_row][\/et_pb_section]\n","protected":false},"excerpt":{"rendered":"","protected":false},"author":1,"featured_media":0,"parent":0,"menu_order":0,"comment_status":"closed","ping_status":"closed","template":"","meta":{"_et_pb_use_builder":"on","_et_pb_old_content":"","_et_gb_content_width":""},"yoast_head":"<!-- This site is optimized with the Yoast SEO plugin v16.1.1 - https:\/\/yoast.com\/wordpress\/plugins\/seo\/ -->\n<title>Maintenance - Hive&#039;Ink DS<\/title>\n<link rel=\"canonical\" href=\"https:\/\/hiveink-ds.com\/\" \/>\n<meta property=\"og:locale\" content=\"fr_FR\" \/>\n<meta property=\"og:type\" content=\"article\" \/>\n<meta property=\"og:title\" content=\"Maintenance - Hive&#039;Ink DS\" \/>\n<meta property=\"og:url\" content=\"https:\/\/hiveink-ds.com\/\" \/>\n<meta property=\"og:site_name\" content=\"Hive&#039;Ink DS\" \/>\n<meta property=\"article:modified_time\" content=\"2022-04-07T10:03:15+00:00\" \/>\n<meta name=\"twitter:card\" content=\"summary_large_image\" \/>\n<meta name=\"twitter:label1\" content=\"Dur\u00e9e de lecture est.\">\n\t<meta name=\"twitter:data1\" content=\"1 minute\">\n<script type=\"application\/ld+json\" class=\"yoast-schema-graph\">{\"@context\":\"https:\/\/schema.org\",\"@graph\":[{\"@type\":\"WebSite\",\"@id\":\"https:\/\/hiveink-ds.com\/#website\",\"url\":\"https:\/\/hiveink-ds.com\/\",\"name\":\"Hive&#039;Ink DS\",\"description\":\"Prot\\u00e9ger vos donn\\u00e9es est notre m\\u00e9tier\",\"potentialAction\":[{\"@type\":\"SearchAction\",\"target\":\"https:\/\/hiveink-ds.com\/?s={search_term_string}\",\"query-input\":\"required name=search_term_string\"}],\"inLanguage\":\"fr-FR\"},{\"@type\":\"WebPage\",\"@id\":\"https:\/\/hiveink-ds.com\/#webpage\",\"url\":\"https:\/\/hiveink-ds.com\/\",\"name\":\"Maintenance - Hive&#039;Ink DS\",\"isPartOf\":{\"@id\":\"https:\/\/hiveink-ds.com\/#website\"},\"datePublished\":\"2022-04-07T09:42:43+00:00\",\"dateModified\":\"2022-04-07T10:03:15+00:00\",\"breadcrumb\":{\"@id\":\"https:\/\/hiveink-ds.com\/#breadcrumb\"},\"inLanguage\":\"fr-FR\",\"potentialAction\":[{\"@type\":\"ReadAction\",\"target\":[\"https:\/\/hiveink-ds.com\/\"]}]},{\"@type\":\"BreadcrumbList\",\"@id\":\"https:\/\/hiveink-ds.com\/#breadcrumb\",\"itemListElement\":[{\"@type\":\"ListItem\",\"position\":1,\"item\":{\"@type\":\"WebPage\",\"@id\":\"https:\/\/hiveink-ds.com\/\",\"url\":\"https:\/\/hiveink-ds.com\/\",\"name\":\"Accueil\"}},{\"@type\":\"ListItem\",\"position\":2,\"item\":{\"@type\":\"WebPage\",\"@id\":\"https:\/\/hiveink-ds.com\/\",\"url\":\"https:\/\/hiveink-ds.com\/\",\"name\":\"Maintenance\"}}]}]}<\/script>\n<!-- \/ Yoast SEO plugin. -->","_links":{"self":[{"href":"https:\/\/hiveink-ds.com\/index.php\/wp-json\/wp\/v2\/pages\/1435"}],"collection":[{"href":"https:\/\/hiveink-ds.com\/index.php\/wp-json\/wp\/v2\/pages"}],"about":[{"href":"https:\/\/hiveink-ds.com\/index.php\/wp-json\/wp\/v2\/types\/page"}],"author":[{"embeddable":true,"href":"https:\/\/hiveink-ds.com\/index.php\/wp-json\/wp\/v2\/users\/1"}],"replies":[{"embeddable":true,"href":"https:\/\/hiveink-ds.com\/index.php\/wp-json\/wp\/v2\/comments?post=1435"}],"version-history":[{"count":7,"href":"https:\/\/hiveink-ds.com\/index.php\/wp-json\/wp\/v2\/pages\/1435\/revisions"}],"predecessor-version":[{"id":1449,"href":"https:\/\/hiveink-ds.com\/index.php\/wp-json\/wp\/v2\/pages\/1435\/revisions\/1449"}],"wp:attachment":[{"href":"https:\/\/hiveink-ds.com\/index.php\/wp-json\/wp\/v2\/media?parent=1435"}],"curies":[{"name":"wp","href":"https:\/\/api.w.org\/{rel}","templated":true}]}}